{"id":33,"date":"2020-10-14T04:37:48","date_gmt":"2020-10-14T04:37:48","guid":{"rendered":"https:\/\/acrofile.com\/?page_id=33"},"modified":"2020-10-28T01:51:23","modified_gmt":"2020-10-28T01:51:23","slug":"servicios-juridicos","status":"publish","type":"page","link":"https:\/\/acrofile.com\/?page_id=33","title":{"rendered":"Servicios Jur\u00eddicos"},"content":{"rendered":"<section class=\"av_textblock_section \"  itemscope=\"itemscope\" itemtype=\"https:\/\/schema.org\/CreativeWork\" ><div class='avia_textblock  av_inherit_color '  style='color:#e06608; '  itemprop=\"text\" ><h1 style=\"text-align: center;\">SERVICIOS JUR\u00cdDICOS<\/h1>\n<\/div><\/section>\n<div class=\"flex_column av_one_half  flex_column_div av-zero-column-padding first  avia-builder-el-1  el_after_av_textblock  el_before_av_one_half  column-top-margin\" style='border-radius:0px; '><section class=\"av_textblock_section \"  itemscope=\"itemscope\" itemtype=\"https:\/\/schema.org\/CreativeWork\" ><div class='avia_textblock  av_inherit_color '  style='color:#e06608; '  itemprop=\"text\" ><h2 style=\"text-align: center;\">Investigaci\u00f3n y limpieza de r\u00e9cord crediticio<\/h2>\n<\/div><\/section><br \/>\n<div  class='avia-image-container  av-styling-    avia-builder-el-3  el_after_av_textblock  el_before_av_textblock  avia-align-center '  itemprop=\"image\" itemscope=\"itemscope\" itemtype=\"https:\/\/schema.org\/ImageObject\"  ><div class='avia-image-container-inner'><div class='avia-image-overlay-wrap'><img decoding=\"async\" class='wp-image-31 avia-img-lazy-loading-not-31 avia_image' src=\"https:\/\/acrofile.com\/wp-content\/uploads\/2020\/10\/Diseno-sin-titulo-4-300x251.png\" alt='record crediticio' title='Record Crediticio' height=\"251\" width=\"300\"  itemprop=\"thumbnailUrl\" srcset=\"https:\/\/acrofile.com\/wp-content\/uploads\/2020\/10\/Diseno-sin-titulo-4-300x251.png 300w, https:\/\/acrofile.com\/wp-content\/uploads\/2020\/10\/Diseno-sin-titulo-4-768x644.png 768w, https:\/\/acrofile.com\/wp-content\/uploads\/2020\/10\/Diseno-sin-titulo-4-705x591.png 705w, https:\/\/acrofile.com\/wp-content\/uploads\/2020\/10\/Diseno-sin-titulo-4.png 940w\" sizes=\"(max-width: 300px) 100vw, 300px\" \/><\/div><\/div><\/div><br \/>\n<section class=\"av_textblock_section \"  itemscope=\"itemscope\" itemtype=\"https:\/\/schema.org\/CreativeWork\" ><div class='avia_textblock  '   itemprop=\"text\" ><p><br class=\"avia-permanent-lb\" \/>Sabemos de la importancia de contar con un buen r\u00e9cord creditico para poder optar a cr\u00e9ditos en tiempos de emergencia. Contamos con personal especializado en hacer la<strong> investigaci\u00f3n de tu r\u00e9cord crediticio<\/strong> y sugerencia de <strong>acciones a seguir para la limpieza del mismo<\/strong>.<\/p>\n<\/div><\/section><\/p><\/div><div class=\"flex_column av_one_half  flex_column_div av-zero-column-padding   avia-builder-el-5  el_after_av_one_half  el_before_av_button  column-top-margin\" style='border-radius:0px; '><section class=\"av_textblock_section \"  itemscope=\"itemscope\" itemtype=\"https:\/\/schema.org\/CreativeWork\" ><div class='avia_textblock  av_inherit_color '  style='color:#e06608; '  itemprop=\"text\" ><h2 style=\"text-align: center;\">Servicios jur\u00eddicos<\/h2>\n<h2 style=\"text-align: center;\">cl\u00e1sicos<\/h2>\n<\/div><\/section><br \/>\n<div  class='avia-image-container  av-styling-    avia-builder-el-7  el_after_av_textblock  el_before_av_textblock  avia-align-center '  itemprop=\"image\" itemscope=\"itemscope\" itemtype=\"https:\/\/schema.org\/ImageObject\"  ><div class='avia-image-container-inner'><div class='avia-image-overlay-wrap'><img decoding=\"async\" class='wp-image-35 avia-img-lazy-loading-not-35 avia_image' src=\"https:\/\/acrofile.com\/wp-content\/uploads\/2020\/10\/Diseno-sin-titulo-5-300x251.png\" alt='' title='Servicios juridicos acrofile' height=\"251\" width=\"300\"  itemprop=\"thumbnailUrl\" srcset=\"https:\/\/acrofile.com\/wp-content\/uploads\/2020\/10\/Diseno-sin-titulo-5-300x251.png 300w, https:\/\/acrofile.com\/wp-content\/uploads\/2020\/10\/Diseno-sin-titulo-5-768x644.png 768w, https:\/\/acrofile.com\/wp-content\/uploads\/2020\/10\/Diseno-sin-titulo-5-705x591.png 705w, https:\/\/acrofile.com\/wp-content\/uploads\/2020\/10\/Diseno-sin-titulo-5.png 940w\" sizes=\"(max-width: 300px) 100vw, 300px\" \/><\/div><\/div><\/div><br \/>\n<section class=\"av_textblock_section \"  itemscope=\"itemscope\" itemtype=\"https:\/\/schema.org\/CreativeWork\" ><div class='avia_textblock  '   itemprop=\"text\" ><p>En Acrofile nos encanta lo moderno pero sabemos que lo cl\u00e1sico no pasa de moda, por lo que tenemos expertos en cualquier servicio jur\u00eddico cl\u00e1sico, <strong>desde una legalizaci\u00f3n de documentos, hasta constituciones de sociedades<\/strong> con cualquier modalidad que surja.\u00a0 D\u00e9janos ser tu aliado en lo tus servicios jur\u00eddicos.<\/p>\n<\/div><\/section><\/p><\/div><\/p>\n<div  class='avia-button-wrap avia-button-center  avia-builder-el-9  el_after_av_one_half  avia-builder-el-last ' ><a href='https:\/\/acrofile.com\/?page_id=33'  class='avia-button  avia-color-theme-color   avia-icon_select-no avia-size-medium avia-position-center '   ><span class='avia_iconbox_title' >Quiero una cotizaci\u00f3n<\/span><\/a><\/div>\n","protected":false},"excerpt":{"rendered":"","protected":false},"author":1,"featured_media":0,"parent":0,"menu_order":0,"comment_status":"closed","ping_status":"closed","template":"","meta":{"footnotes":""},"yoast_head":"<!-- This site is optimized with the Yoast SEO plugin v15.4 - https:\/\/yoast.com\/wordpress\/plugins\/seo\/ -->\n<title>Servicios Jur\u00eddicos - Acrofile<\/title>\n<meta name=\"robots\" content=\"index, follow, max-snippet:-1, max-image-preview:large, max-video-preview:-1\" \/>\n<link rel=\"canonical\" href=\"https:\/\/acrofile.com\/?page_id=33\" \/>\n<meta property=\"og:locale\" content=\"es_ES\" \/>\n<meta property=\"og:type\" content=\"article\" \/>\n<meta property=\"og:title\" content=\"Servicios Jur\u00eddicos - Acrofile\" \/>\n<meta property=\"og:url\" content=\"https:\/\/acrofile.com\/?page_id=33\" \/>\n<meta property=\"og:site_name\" content=\"Acrofile\" \/>\n<meta property=\"article:modified_time\" content=\"2020-10-28T01:51:23+00:00\" \/>\n<meta name=\"twitter:card\" content=\"summary_large_image\" \/>\n<meta name=\"twitter:label1\" content=\"Escrito por\">\n\t<meta name=\"twitter:data1\" content=\"admin\">\n\t<meta name=\"twitter:label2\" content=\"Tiempo de lectura\">\n\t<meta name=\"twitter:data2\" content=\"3 minutos\">\n<script type=\"application\/ld+json\" class=\"yoast-schema-graph\">{\"@context\":\"https:\/\/schema.org\",\"@graph\":[{\"@type\":\"WebSite\",\"@id\":\"https:\/\/acrofile.com\/#website\",\"url\":\"https:\/\/acrofile.com\/\",\"name\":\"Acrofile\",\"description\":\"Compa\\u00f1\\u00eda de Servicios Administrativos, Legales y Financieros en Guatemala\",\"potentialAction\":[{\"@type\":\"SearchAction\",\"target\":\"https:\/\/acrofile.com\/?s={search_term_string}\",\"query-input\":\"required name=search_term_string\"}],\"inLanguage\":\"es\"},{\"@type\":\"WebPage\",\"@id\":\"https:\/\/acrofile.com\/?page_id=33#webpage\",\"url\":\"https:\/\/acrofile.com\/?page_id=33\",\"name\":\"Servicios Jur\\u00eddicos - Acrofile\",\"isPartOf\":{\"@id\":\"https:\/\/acrofile.com\/#website\"},\"datePublished\":\"2020-10-14T04:37:48+00:00\",\"dateModified\":\"2020-10-28T01:51:23+00:00\",\"inLanguage\":\"es\",\"potentialAction\":[{\"@type\":\"ReadAction\",\"target\":[\"https:\/\/acrofile.com\/?page_id=33\"]}]}]}<\/script>\n<!-- \/ Yoast SEO plugin. -->","_links":{"self":[{"href":"https:\/\/acrofile.com\/index.php?rest_route=\/wp\/v2\/pages\/33"}],"collection":[{"href":"https:\/\/acrofile.com\/index.php?rest_route=\/wp\/v2\/pages"}],"about":[{"href":"https:\/\/acrofile.com\/index.php?rest_route=\/wp\/v2\/types\/page"}],"author":[{"embeddable":true,"href":"https:\/\/acrofile.com\/index.php?rest_route=\/wp\/v2\/users\/1"}],"replies":[{"embeddable":true,"href":"https:\/\/acrofile.com\/index.php?rest_route=%2Fwp%2Fv2%2Fcomments&post=33"}],"version-history":[{"count":19,"href":"https:\/\/acrofile.com\/index.php?rest_route=\/wp\/v2\/pages\/33\/revisions"}],"predecessor-version":[{"id":225,"href":"https:\/\/acrofile.com\/index.php?rest_route=\/wp\/v2\/pages\/33\/revisions\/225"}],"wp:attachment":[{"href":"https:\/\/acrofile.com\/index.php?rest_route=%2Fwp%2Fv2%2Fmedia&parent=33"}],"curies":[{"name":"wp","href":"https:\/\/api.w.org\/{rel}","templated":true}]}}