{"id":39,"date":"2020-10-14T04:46:50","date_gmt":"2020-10-14T04:46:50","guid":{"rendered":"https:\/\/acrofile.com\/?page_id=39"},"modified":"2020-10-28T01:43:26","modified_gmt":"2020-10-28T01:43:26","slug":"servicios-administrativos","status":"publish","type":"page","link":"https:\/\/acrofile.com\/?page_id=39","title":{"rendered":"Servicios Administrativos"},"content":{"rendered":"<section class=\"av_textblock_section \"  itemscope=\"itemscope\" itemtype=\"https:\/\/schema.org\/CreativeWork\" ><div class='avia_textblock  av_inherit_color '  style='color:#e06608; '  itemprop=\"text\" ><h1 style=\"text-align: center;\">SERVICIOS ADMINISTRATIVOS<\/h1>\n<\/div><\/section>\n<div class=\"flex_column av_one_half  flex_column_div av-zero-column-padding first  avia-builder-el-1  el_after_av_textblock  el_before_av_one_half  column-top-margin\" style='border-radius:0px; '><section class=\"av_textblock_section \"  itemscope=\"itemscope\" itemtype=\"https:\/\/schema.org\/CreativeWork\" ><div class='avia_textblock  av_inherit_color '  style='color:#e06608; '  itemprop=\"text\" ><h2 style=\"text-align: center;\">Reclutamiento de personal especializado<\/h2>\n<\/div><\/section><br \/>\n<div  class='avia-image-container  av-styling-    avia-builder-el-3  el_after_av_textblock  el_before_av_textblock  avia-align-center '  itemprop=\"image\" itemscope=\"itemscope\" itemtype=\"https:\/\/schema.org\/ImageObject\"  ><div class='avia-image-container-inner'><div class='avia-image-overlay-wrap'><img decoding=\"async\" class='wp-image-137 avia-img-lazy-loading-not-137 avia_image' src=\"https:\/\/acrofile.com\/wp-content\/uploads\/2020\/10\/Diseno-sin-titulo-15-300x300.png\" alt='' title='Dise\u00f1o sin t\u00edtulo (15)' height=\"300\" width=\"300\"  itemprop=\"thumbnailUrl\" srcset=\"https:\/\/acrofile.com\/wp-content\/uploads\/2020\/10\/Diseno-sin-titulo-15-300x300.png 300w, https:\/\/acrofile.com\/wp-content\/uploads\/2020\/10\/Diseno-sin-titulo-15-1030x1030.png 1030w, https:\/\/acrofile.com\/wp-content\/uploads\/2020\/10\/Diseno-sin-titulo-15-80x80.png 80w, https:\/\/acrofile.com\/wp-content\/uploads\/2020\/10\/Diseno-sin-titulo-15-768x768.png 768w, https:\/\/acrofile.com\/wp-content\/uploads\/2020\/10\/Diseno-sin-titulo-15-36x36.png 36w, https:\/\/acrofile.com\/wp-content\/uploads\/2020\/10\/Diseno-sin-titulo-15-180x180.png 180w, https:\/\/acrofile.com\/wp-content\/uploads\/2020\/10\/Diseno-sin-titulo-15-705x705.png 705w, https:\/\/acrofile.com\/wp-content\/uploads\/2020\/10\/Diseno-sin-titulo-15.png 1080w\" sizes=\"(max-width: 300px) 100vw, 300px\" \/><\/div><\/div><\/div><br \/>\n<section class=\"av_textblock_section \"  itemscope=\"itemscope\" itemtype=\"https:\/\/schema.org\/CreativeWork\" ><div class='avia_textblock  '   itemprop=\"text\" ><p>Nos especializamos en la contrataci\u00f3n de personal para los departamentos financieros y jur\u00eddicos, con las respectivas <strong>evaluaciones psicom\u00e9tricas<\/strong> pero principalmente con <strong>evaluaciones espec\u00edficas del \u00e1rea<\/strong> para asegurar las destrezas adquiridas a lo largo de la vida laboral del candidato.<\/p>\n<\/div><\/section><\/p><\/div><div class=\"flex_column av_one_half  flex_column_div av-zero-column-padding   avia-builder-el-5  el_after_av_one_half  el_before_av_button  column-top-margin\" style='border-radius:0px; '><section class=\"av_textblock_section \"  itemscope=\"itemscope\" itemtype=\"https:\/\/schema.org\/CreativeWork\" ><div class='avia_textblock  av_inherit_color '  style='color:#e06608; '  itemprop=\"text\" ><h2 style=\"text-align: center;\">Sistemas administrativos y contables<\/h2>\n<\/div><\/section><br \/>\n<div  class='avia-image-container  av-styling-    avia-builder-el-7  el_after_av_textblock  el_before_av_textblock  avia-align-center '  itemprop=\"image\" itemscope=\"itemscope\" itemtype=\"https:\/\/schema.org\/ImageObject\"  ><div class='avia-image-container-inner'><div class='avia-image-overlay-wrap'><img decoding=\"async\" class='wp-image-138 avia-img-lazy-loading-not-138 avia_image' src=\"https:\/\/acrofile.com\/wp-content\/uploads\/2020\/10\/Diseno-sin-titulo-16-300x300.png\" alt='' title='servicios de contabilidad guatemala' height=\"300\" width=\"300\"  itemprop=\"thumbnailUrl\" srcset=\"https:\/\/acrofile.com\/wp-content\/uploads\/2020\/10\/Diseno-sin-titulo-16-300x300.png 300w, https:\/\/acrofile.com\/wp-content\/uploads\/2020\/10\/Diseno-sin-titulo-16-1030x1030.png 1030w, https:\/\/acrofile.com\/wp-content\/uploads\/2020\/10\/Diseno-sin-titulo-16-80x80.png 80w, https:\/\/acrofile.com\/wp-content\/uploads\/2020\/10\/Diseno-sin-titulo-16-768x768.png 768w, https:\/\/acrofile.com\/wp-content\/uploads\/2020\/10\/Diseno-sin-titulo-16-36x36.png 36w, https:\/\/acrofile.com\/wp-content\/uploads\/2020\/10\/Diseno-sin-titulo-16-180x180.png 180w, https:\/\/acrofile.com\/wp-content\/uploads\/2020\/10\/Diseno-sin-titulo-16-705x705.png 705w, https:\/\/acrofile.com\/wp-content\/uploads\/2020\/10\/Diseno-sin-titulo-16.png 1080w\" sizes=\"(max-width: 300px) 100vw, 300px\" \/><\/div><\/div><\/div><br \/>\n<section class=\"av_textblock_section \"  itemscope=\"itemscope\" itemtype=\"https:\/\/schema.org\/CreativeWork\" ><div class='avia_textblock  '   itemprop=\"text\" ><p>Los precios elevados de los sistemas contables son tema del pasado, muchas empresas actualmente siguen pagando altos costos de mantenimiento de sistemas contables o llevando sus registros por medio de un excel por no romper con el paradigma de los precios de los sistemas.\u00a0 Contamos con <strong>dos sistemas contables<\/strong> con los cuales podr\u00e1s llevar tus <strong>registros contables e informaci\u00f3n financiera al d\u00eda<\/strong> y si es necesario realiz\u00e1ndolo t\u00fa mismo.<\/p>\n<\/div><\/section><\/p><\/div><div  class='avia-button-wrap avia-button-center  avia-builder-el-9  el_after_av_one_half  avia-builder-el-last ' ><a href='https:\/\/acrofile.com\/?page_id=39'  class='avia-button  avia-color-theme-color   avia-icon_select-no avia-size-large avia-position-center '   ><span class='avia_iconbox_title' >Quiero una cotizaci\u00f3n<\/span><\/a><\/div><\/p>\n","protected":false},"excerpt":{"rendered":"","protected":false},"author":1,"featured_media":0,"parent":0,"menu_order":0,"comment_status":"closed","ping_status":"closed","template":"","meta":{"footnotes":""},"yoast_head":"<!-- This site is optimized with the Yoast SEO plugin v15.4 - https:\/\/yoast.com\/wordpress\/plugins\/seo\/ -->\n<title>Servicios Administrativos - Acrofile<\/title>\n<meta name=\"robots\" content=\"index, follow, max-snippet:-1, max-image-preview:large, max-video-preview:-1\" \/>\n<link rel=\"canonical\" href=\"https:\/\/acrofile.com\/?page_id=39\" \/>\n<meta property=\"og:locale\" content=\"es_ES\" \/>\n<meta property=\"og:type\" content=\"article\" \/>\n<meta property=\"og:title\" content=\"Servicios Administrativos - Acrofile\" \/>\n<meta property=\"og:url\" content=\"https:\/\/acrofile.com\/?page_id=39\" \/>\n<meta property=\"og:site_name\" content=\"Acrofile\" \/>\n<meta property=\"article:modified_time\" content=\"2020-10-28T01:43:26+00:00\" \/>\n<meta name=\"twitter:card\" content=\"summary_large_image\" \/>\n<meta name=\"twitter:label1\" content=\"Escrito por\">\n\t<meta name=\"twitter:data1\" content=\"admin\">\n\t<meta name=\"twitter:label2\" content=\"Tiempo de lectura\">\n\t<meta name=\"twitter:data2\" content=\"3 minutos\">\n<script type=\"application\/ld+json\" class=\"yoast-schema-graph\">{\"@context\":\"https:\/\/schema.org\",\"@graph\":[{\"@type\":\"WebSite\",\"@id\":\"https:\/\/acrofile.com\/#website\",\"url\":\"https:\/\/acrofile.com\/\",\"name\":\"Acrofile\",\"description\":\"Compa\\u00f1\\u00eda de Servicios Administrativos, Legales y Financieros en Guatemala\",\"potentialAction\":[{\"@type\":\"SearchAction\",\"target\":\"https:\/\/acrofile.com\/?s={search_term_string}\",\"query-input\":\"required name=search_term_string\"}],\"inLanguage\":\"es\"},{\"@type\":\"WebPage\",\"@id\":\"https:\/\/acrofile.com\/?page_id=39#webpage\",\"url\":\"https:\/\/acrofile.com\/?page_id=39\",\"name\":\"Servicios Administrativos - Acrofile\",\"isPartOf\":{\"@id\":\"https:\/\/acrofile.com\/#website\"},\"datePublished\":\"2020-10-14T04:46:50+00:00\",\"dateModified\":\"2020-10-28T01:43:26+00:00\",\"inLanguage\":\"es\",\"potentialAction\":[{\"@type\":\"ReadAction\",\"target\":[\"https:\/\/acrofile.com\/?page_id=39\"]}]}]}<\/script>\n<!-- \/ Yoast SEO plugin. -->","_links":{"self":[{"href":"https:\/\/acrofile.com\/index.php?rest_route=\/wp\/v2\/pages\/39"}],"collection":[{"href":"https:\/\/acrofile.com\/index.php?rest_route=\/wp\/v2\/pages"}],"about":[{"href":"https:\/\/acrofile.com\/index.php?rest_route=\/wp\/v2\/types\/page"}],"author":[{"embeddable":true,"href":"https:\/\/acrofile.com\/index.php?rest_route=\/wp\/v2\/users\/1"}],"replies":[{"embeddable":true,"href":"https:\/\/acrofile.com\/index.php?rest_route=%2Fwp%2Fv2%2Fcomments&post=39"}],"version-history":[{"count":8,"href":"https:\/\/acrofile.com\/index.php?rest_route=\/wp\/v2\/pages\/39\/revisions"}],"predecessor-version":[{"id":218,"href":"https:\/\/acrofile.com\/index.php?rest_route=\/wp\/v2\/pages\/39\/revisions\/218"}],"wp:attachment":[{"href":"https:\/\/acrofile.com\/index.php?rest_route=%2Fwp%2Fv2%2Fmedia&parent=39"}],"curies":[{"name":"wp","href":"https:\/\/api.w.org\/{rel}","templated":true}]}}