{"id":44,"date":"2020-10-14T04:54:49","date_gmt":"2020-10-14T04:54:49","guid":{"rendered":"https:\/\/acrofile.com\/?page_id=44"},"modified":"2020-10-28T01:44:02","modified_gmt":"2020-10-28T01:44:02","slug":"servicios-financieros","status":"publish","type":"page","link":"https:\/\/acrofile.com\/?page_id=44","title":{"rendered":"Servicios Financieros"},"content":{"rendered":"<section class=\"av_textblock_section \"  itemscope=\"itemscope\" itemtype=\"https:\/\/schema.org\/CreativeWork\" ><div class='avia_textblock  av_inherit_color '  style='color:#e06608; '  itemprop=\"text\" ><h1 style=\"text-align: center;\">SERVICIOS FINANCIEROS<\/h1>\n<\/div><\/section>\n<div class=\"flex_column av_one_half  flex_column_div av-zero-column-padding first  avia-builder-el-1  el_after_av_textblock  el_before_av_one_half  column-top-margin\" style='border-radius:0px; '><section class=\"av_textblock_section \"  itemscope=\"itemscope\" itemtype=\"https:\/\/schema.org\/CreativeWork\" ><div class='avia_textblock  av_inherit_color '  style='color:#e06608; '  itemprop=\"text\" ><h2 style=\"text-align: center;\">Reducci\u00f3n de Costos, Gastos e Impuestos<\/h2>\n<\/div><\/section><br \/>\n<div  class='avia-image-container  av-styling-    avia-builder-el-3  el_after_av_textblock  el_before_av_textblock  avia-align-center '  itemprop=\"image\" itemscope=\"itemscope\" itemtype=\"https:\/\/schema.org\/ImageObject\"  ><div class='avia-image-container-inner'><div class='avia-image-overlay-wrap'><img decoding=\"async\" class='wp-image-133 avia-img-lazy-loading-not-133 avia_image' src=\"https:\/\/acrofile.com\/wp-content\/uploads\/2020\/10\/Diseno-sin-titulo-2-300x300.jpg\" alt='' title='servicio de impuestos guatemala' height=\"300\" width=\"300\"  itemprop=\"thumbnailUrl\" srcset=\"https:\/\/acrofile.com\/wp-content\/uploads\/2020\/10\/Diseno-sin-titulo-2-300x300.jpg 300w, https:\/\/acrofile.com\/wp-content\/uploads\/2020\/10\/Diseno-sin-titulo-2-1030x1030.jpg 1030w, https:\/\/acrofile.com\/wp-content\/uploads\/2020\/10\/Diseno-sin-titulo-2-80x80.jpg 80w, https:\/\/acrofile.com\/wp-content\/uploads\/2020\/10\/Diseno-sin-titulo-2-768x768.jpg 768w, https:\/\/acrofile.com\/wp-content\/uploads\/2020\/10\/Diseno-sin-titulo-2-36x36.jpg 36w, https:\/\/acrofile.com\/wp-content\/uploads\/2020\/10\/Diseno-sin-titulo-2-180x180.jpg 180w, https:\/\/acrofile.com\/wp-content\/uploads\/2020\/10\/Diseno-sin-titulo-2-705x705.jpg 705w, https:\/\/acrofile.com\/wp-content\/uploads\/2020\/10\/Diseno-sin-titulo-2.jpg 1080w\" sizes=\"(max-width: 300px) 100vw, 300px\" \/><\/div><\/div><\/div><br \/>\n<section class=\"av_textblock_section \"  itemscope=\"itemscope\" itemtype=\"https:\/\/schema.org\/CreativeWork\" ><div class='avia_textblock  '   itemprop=\"text\" ><p>Cualquiera que sea la etapa de la empresa y para mantenerla a flote con precios competitivos, sabemos que es de vital importancia la reducci\u00f3n de gastos e impuestos, en Acrofile te ayudamos a <strong>identificar las \u00e1reas de oportunidad<\/strong> estableciendo <strong>puntos de control<\/strong> y determinando <strong>pol\u00edticas<\/strong> en dichas \u00e1reas las cuales te ayudar\u00e1n a mantener un porcentaje razonable de <strong>costos, gastos e impuestos.<\/strong><\/p>\n<\/div><\/section><\/p><\/div><div class=\"flex_column av_one_half  flex_column_div av-zero-column-padding   avia-builder-el-5  el_after_av_one_half  el_before_av_button  column-top-margin\" style='border-radius:0px; '><section class=\"av_textblock_section \"  itemscope=\"itemscope\" itemtype=\"https:\/\/schema.org\/CreativeWork\" ><div class='avia_textblock  av_inherit_color '  style='color:#e06608; '  itemprop=\"text\" ><h2 style=\"text-align: center;\">Outsourcing Financiero \u2013 Contable<\/h2>\n<\/div><\/section><br \/>\n<div  class='avia-image-container  av-styling-    avia-builder-el-7  el_after_av_textblock  el_before_av_textblock  avia-align-center '  itemprop=\"image\" itemscope=\"itemscope\" itemtype=\"https:\/\/schema.org\/ImageObject\"  ><div class='avia-image-container-inner'><div class='avia-image-overlay-wrap'><img decoding=\"async\" class='wp-image-128 avia-img-lazy-loading-not-128 avia_image' src=\"https:\/\/acrofile.com\/wp-content\/uploads\/2020\/10\/Diseno-sin-titulo-14-300x300.png\" alt='servicios de contabiidad y outsourcing de guatemala' title='Dise\u00f1o sin t\u00edtulo (14)' height=\"300\" width=\"300\"  itemprop=\"thumbnailUrl\" srcset=\"https:\/\/acrofile.com\/wp-content\/uploads\/2020\/10\/Diseno-sin-titulo-14-300x300.png 300w, https:\/\/acrofile.com\/wp-content\/uploads\/2020\/10\/Diseno-sin-titulo-14-1030x1030.png 1030w, https:\/\/acrofile.com\/wp-content\/uploads\/2020\/10\/Diseno-sin-titulo-14-80x80.png 80w, https:\/\/acrofile.com\/wp-content\/uploads\/2020\/10\/Diseno-sin-titulo-14-768x768.png 768w, https:\/\/acrofile.com\/wp-content\/uploads\/2020\/10\/Diseno-sin-titulo-14-36x36.png 36w, https:\/\/acrofile.com\/wp-content\/uploads\/2020\/10\/Diseno-sin-titulo-14-180x180.png 180w, https:\/\/acrofile.com\/wp-content\/uploads\/2020\/10\/Diseno-sin-titulo-14-705x705.png 705w, https:\/\/acrofile.com\/wp-content\/uploads\/2020\/10\/Diseno-sin-titulo-14.png 1080w\" sizes=\"(max-width: 300px) 100vw, 300px\" \/><\/div><\/div><\/div><br \/>\n<section class=\"av_textblock_section \"  itemscope=\"itemscope\" itemtype=\"https:\/\/schema.org\/CreativeWork\" ><div class='avia_textblock  '   itemprop=\"text\" ><p>Si lo que necesitas es enfocarte en lo que sabes hacer y tu fuerte no son las <strong>finanzas<\/strong> contamos con el <strong>personal id\u00f3neo<\/strong> el cual se har\u00e1 cargo de una de las \u00e1reas de m\u00e1s importancia en tu empresa.\u00a0 <strong>Podemos llevar a cabo algunas de las actividades del departamento o la totalidad de ellas.<\/strong><\/p>\n<\/div><\/section><\/p><\/div><div  class='avia-button-wrap avia-button-center  avia-builder-el-9  el_after_av_one_half  avia-builder-el-last ' ><a href='https:\/\/acrofile.com\/?page_id=44'  class='avia-button  avia-color-theme-color   avia-icon_select-no avia-size-medium avia-position-center '   ><span class='avia_iconbox_title' >Quiero una cotizaci\u00f3n<\/span><\/a><\/div><\/p>\n","protected":false},"excerpt":{"rendered":"","protected":false},"author":1,"featured_media":0,"parent":0,"menu_order":0,"comment_status":"closed","ping_status":"closed","template":"","meta":{"footnotes":""},"yoast_head":"<!-- This site is optimized with the Yoast SEO plugin v15.4 - https:\/\/yoast.com\/wordpress\/plugins\/seo\/ -->\n<title>Servicios Financieros - Acrofile<\/title>\n<meta name=\"robots\" content=\"index, follow, max-snippet:-1, max-image-preview:large, max-video-preview:-1\" \/>\n<link rel=\"canonical\" href=\"https:\/\/acrofile.com\/?page_id=44\" \/>\n<meta property=\"og:locale\" content=\"es_ES\" \/>\n<meta property=\"og:type\" content=\"article\" \/>\n<meta property=\"og:title\" content=\"Servicios Financieros - Acrofile\" \/>\n<meta property=\"og:url\" content=\"https:\/\/acrofile.com\/?page_id=44\" \/>\n<meta property=\"og:site_name\" content=\"Acrofile\" \/>\n<meta property=\"article:modified_time\" content=\"2020-10-28T01:44:02+00:00\" \/>\n<meta name=\"twitter:card\" content=\"summary_large_image\" \/>\n<meta name=\"twitter:label1\" content=\"Escrito por\">\n\t<meta name=\"twitter:data1\" content=\"admin\">\n\t<meta name=\"twitter:label2\" content=\"Tiempo de lectura\">\n\t<meta name=\"twitter:data2\" content=\"3 minutos\">\n<script type=\"application\/ld+json\" class=\"yoast-schema-graph\">{\"@context\":\"https:\/\/schema.org\",\"@graph\":[{\"@type\":\"WebSite\",\"@id\":\"https:\/\/acrofile.com\/#website\",\"url\":\"https:\/\/acrofile.com\/\",\"name\":\"Acrofile\",\"description\":\"Compa\\u00f1\\u00eda de Servicios Administrativos, Legales y Financieros en Guatemala\",\"potentialAction\":[{\"@type\":\"SearchAction\",\"target\":\"https:\/\/acrofile.com\/?s={search_term_string}\",\"query-input\":\"required name=search_term_string\"}],\"inLanguage\":\"es\"},{\"@type\":\"WebPage\",\"@id\":\"https:\/\/acrofile.com\/?page_id=44#webpage\",\"url\":\"https:\/\/acrofile.com\/?page_id=44\",\"name\":\"Servicios Financieros - Acrofile\",\"isPartOf\":{\"@id\":\"https:\/\/acrofile.com\/#website\"},\"datePublished\":\"2020-10-14T04:54:49+00:00\",\"dateModified\":\"2020-10-28T01:44:02+00:00\",\"inLanguage\":\"es\",\"potentialAction\":[{\"@type\":\"ReadAction\",\"target\":[\"https:\/\/acrofile.com\/?page_id=44\"]}]}]}<\/script>\n<!-- \/ Yoast SEO plugin. -->","_links":{"self":[{"href":"https:\/\/acrofile.com\/index.php?rest_route=\/wp\/v2\/pages\/44"}],"collection":[{"href":"https:\/\/acrofile.com\/index.php?rest_route=\/wp\/v2\/pages"}],"about":[{"href":"https:\/\/acrofile.com\/index.php?rest_route=\/wp\/v2\/types\/page"}],"author":[{"embeddable":true,"href":"https:\/\/acrofile.com\/index.php?rest_route=\/wp\/v2\/users\/1"}],"replies":[{"embeddable":true,"href":"https:\/\/acrofile.com\/index.php?rest_route=%2Fwp%2Fv2%2Fcomments&post=44"}],"version-history":[{"count":11,"href":"https:\/\/acrofile.com\/index.php?rest_route=\/wp\/v2\/pages\/44\/revisions"}],"predecessor-version":[{"id":219,"href":"https:\/\/acrofile.com\/index.php?rest_route=\/wp\/v2\/pages\/44\/revisions\/219"}],"wp:attachment":[{"href":"https:\/\/acrofile.com\/index.php?rest_route=%2Fwp%2Fv2%2Fmedia&parent=44"}],"curies":[{"name":"wp","href":"https:\/\/api.w.org\/{rel}","templated":true}]}}