{"id":71,"date":"2020-10-14T05:23:08","date_gmt":"2020-10-14T05:23:08","guid":{"rendered":"https:\/\/acrofile.com\/?page_id=71"},"modified":"2020-10-27T23:17:48","modified_gmt":"2020-10-27T23:17:48","slug":"servicio-social-acrofile","status":"publish","type":"page","link":"https:\/\/acrofile.com\/?page_id=71","title":{"rendered":"Servicio Social Acrofile"},"content":{"rendered":"<section class=\"av_textblock_section \"  itemscope=\"itemscope\" itemtype=\"https:\/\/schema.org\/CreativeWork\" ><div class='avia_textblock  av_inherit_color '  style='color:#e06608; '  itemprop=\"text\" ><h1 style=\"text-align: center;\">SERVICIO SOCIAL<\/h1>\n<\/div><\/section>\n<div  class='avia-image-container  av-styling-    avia-builder-el-1  el_after_av_textblock  el_before_av_textblock  avia-align-center '  itemprop=\"image\" itemscope=\"itemscope\" itemtype=\"https:\/\/schema.org\/ImageObject\"  ><div class='avia-image-container-inner'><div class='avia-image-overlay-wrap'><img decoding=\"async\" class='wp-image-72 avia-img-lazy-loading-not-72 avia_image' src=\"https:\/\/acrofile.com\/wp-content\/uploads\/2020\/10\/Diseno-sin-titulo-10-300x251.png\" alt='' title='servicio social acrofile' height=\"251\" width=\"300\"  itemprop=\"thumbnailUrl\" srcset=\"https:\/\/acrofile.com\/wp-content\/uploads\/2020\/10\/Diseno-sin-titulo-10-300x251.png 300w, https:\/\/acrofile.com\/wp-content\/uploads\/2020\/10\/Diseno-sin-titulo-10-768x644.png 768w, https:\/\/acrofile.com\/wp-content\/uploads\/2020\/10\/Diseno-sin-titulo-10-705x591.png 705w, https:\/\/acrofile.com\/wp-content\/uploads\/2020\/10\/Diseno-sin-titulo-10.png 940w\" sizes=\"(max-width: 300px) 100vw, 300px\" \/><\/div><\/div><\/div>\n<section class=\"av_textblock_section \"  itemscope=\"itemscope\" itemtype=\"https:\/\/schema.org\/CreativeWork\" ><div class='avia_textblock  av_inherit_color '  style='color:#e06608; '  itemprop=\"text\" ><h2>Servicio Social<\/h2>\n<\/div><\/section>\n<section class=\"av_textblock_section \"  itemscope=\"itemscope\" itemtype=\"https:\/\/schema.org\/CreativeWork\" ><div class='avia_textblock  '   itemprop=\"text\" ><p>En Acrofile, nos encanta ayudar al pr\u00f3jimo por lo que prestamos servicios de asesor\u00eda jur\u00eddica sin costo alguno para personas de bajos recursos. ***<\/p>\n<p>***Nos reservamos el derecho de hacer una evaluaci\u00f3n de la situaci\u00f3n econ\u00f3mica de la persona que requiere los servicios para determinar la fiabilidad de su necesidad de servicio social.<\/p>\n<\/div><\/section>\n<div  class='avia-button-wrap avia-button-center  avia-builder-el-4  el_after_av_textblock  avia-builder-el-last ' ><a href='https:\/\/acrofile.com\/?page_id=71'  class='avia-button  avia-color-theme-color   avia-icon_select-no avia-size-medium avia-position-center '   ><span class='avia_iconbox_title' >Quiero postularme<\/span><\/a><\/div>\n","protected":false},"excerpt":{"rendered":"","protected":false},"author":1,"featured_media":0,"parent":0,"menu_order":0,"comment_status":"closed","ping_status":"closed","template":"","meta":{"footnotes":""},"yoast_head":"<!-- This site is optimized with the Yoast SEO plugin v15.4 - https:\/\/yoast.com\/wordpress\/plugins\/seo\/ -->\n<title>Servicio Social Acrofile - Acrofile<\/title>\n<meta name=\"robots\" content=\"index, follow, max-snippet:-1, max-image-preview:large, max-video-preview:-1\" \/>\n<link rel=\"canonical\" href=\"https:\/\/acrofile.com\/?page_id=71\" \/>\n<meta property=\"og:locale\" content=\"es_ES\" \/>\n<meta property=\"og:type\" content=\"article\" \/>\n<meta property=\"og:title\" content=\"Servicio Social Acrofile - Acrofile\" \/>\n<meta property=\"og:url\" content=\"https:\/\/acrofile.com\/?page_id=71\" \/>\n<meta property=\"og:site_name\" content=\"Acrofile\" \/>\n<meta property=\"article:modified_time\" content=\"2020-10-27T23:17:48+00:00\" \/>\n<meta name=\"twitter:card\" content=\"summary_large_image\" \/>\n<meta name=\"twitter:label1\" content=\"Escrito por\">\n\t<meta name=\"twitter:data1\" content=\"admin\">\n\t<meta name=\"twitter:label2\" content=\"Tiempo de lectura\">\n\t<meta name=\"twitter:data2\" content=\"1 minuto\">\n<script type=\"application\/ld+json\" class=\"yoast-schema-graph\">{\"@context\":\"https:\/\/schema.org\",\"@graph\":[{\"@type\":\"WebSite\",\"@id\":\"https:\/\/acrofile.com\/#website\",\"url\":\"https:\/\/acrofile.com\/\",\"name\":\"Acrofile\",\"description\":\"Compa\\u00f1\\u00eda de Servicios Administrativos, Legales y Financieros en Guatemala\",\"potentialAction\":[{\"@type\":\"SearchAction\",\"target\":\"https:\/\/acrofile.com\/?s={search_term_string}\",\"query-input\":\"required name=search_term_string\"}],\"inLanguage\":\"es\"},{\"@type\":\"WebPage\",\"@id\":\"https:\/\/acrofile.com\/?page_id=71#webpage\",\"url\":\"https:\/\/acrofile.com\/?page_id=71\",\"name\":\"Servicio Social Acrofile - Acrofile\",\"isPartOf\":{\"@id\":\"https:\/\/acrofile.com\/#website\"},\"datePublished\":\"2020-10-14T05:23:08+00:00\",\"dateModified\":\"2020-10-27T23:17:48+00:00\",\"inLanguage\":\"es\",\"potentialAction\":[{\"@type\":\"ReadAction\",\"target\":[\"https:\/\/acrofile.com\/?page_id=71\"]}]}]}<\/script>\n<!-- \/ Yoast SEO plugin. -->","_links":{"self":[{"href":"https:\/\/acrofile.com\/index.php?rest_route=\/wp\/v2\/pages\/71"}],"collection":[{"href":"https:\/\/acrofile.com\/index.php?rest_route=\/wp\/v2\/pages"}],"about":[{"href":"https:\/\/acrofile.com\/index.php?rest_route=\/wp\/v2\/types\/page"}],"author":[{"embeddable":true,"href":"https:\/\/acrofile.com\/index.php?rest_route=\/wp\/v2\/users\/1"}],"replies":[{"embeddable":true,"href":"https:\/\/acrofile.com\/index.php?rest_route=%2Fwp%2Fv2%2Fcomments&post=71"}],"version-history":[{"count":7,"href":"https:\/\/acrofile.com\/index.php?rest_route=\/wp\/v2\/pages\/71\/revisions"}],"predecessor-version":[{"id":242,"href":"https:\/\/acrofile.com\/index.php?rest_route=\/wp\/v2\/pages\/71\/revisions\/242"}],"wp:attachment":[{"href":"https:\/\/acrofile.com\/index.php?rest_route=%2Fwp%2Fv2%2Fmedia&parent=71"}],"curies":[{"name":"wp","href":"https:\/\/api.w.org\/{rel}","templated":true}]}}